{"id":37,"date":"2019-01-24T08:34:17","date_gmt":"2019-01-24T08:34:17","guid":{"rendered":"https:\/\/www.banthaimassage.se\/?page_id=37"},"modified":"2026-02-13T16:43:57","modified_gmt":"2026-02-13T14:43:57","slug":"boka","status":"publish","type":"page","link":"https:\/\/goldenlifebs.se\/kungshamn\/boka\/","title":{"rendered":"Boka behandling"},"content":{"rendered":"<p>[et_pb_section fb_built=&#8221;1&#8243; _builder_version=&#8221;3.0.47&#8243;][et_pb_row _builder_version=&#8221;3.19.7&#8243; background_color=&#8221;#e0b455&#8243;][et_pb_column type=&#8221;4_4&#8243; _builder_version=&#8221;3.0.47&#8243; parallax=&#8221;off&#8221; parallax_method=&#8221;on&#8221;][et_pb_text _builder_version=&#8221;3.19.7&#8243;]<\/p>\n<h2 style=\"text-align: center;\">Vid bokning g\u00e5 in p\u00e5 BokaDirekt.se eller <a href=\"https:\/\/www.bokadirekt.se\/places\/golden-life-kungshamn-58912\" target=\"_blank\" rel=\"noopener noreferrer\">klicka h\u00e4r<\/a><\/h2>\n<p>[\/et_pb_text][\/et_pb_column][\/et_pb_row][et_pb_row _builder_version=&#8221;3.0.48&#8243; background_size=&#8221;initial&#8221; background_position=&#8221;top_left&#8221; background_repeat=&#8221;repeat&#8221;][et_pb_column type=&#8221;1_2&#8243; _builder_version=&#8221;3.0.47&#8243; parallax=&#8221;off&#8221; parallax_method=&#8221;on&#8221;][et_pb_text admin_label=&#8221;Thaimassage&#8221; _builder_version=&#8221;3.19.7&#8243;]<\/p>\n<h4 style=\"text-align: center\"><b>Thaimassage<\/b><\/h4>\n<p>[\/et_pb_text][et_pb_image src=&#8221;https:\/\/goldenlifebs.se\/kungshamn\/wp-content\/uploads\/sites\/3\/2019\/06\/Thai-Massage.jpg&#8221; _builder_version=&#8221;3.19.7&#8243;]<br \/>\n[\/et_pb_image][et_pb_button button_url=&#8221;https:\/\/goldenlifebs.se\/kungshamn\/produkt\/thaimassage\/&#8221; button_text=&#8221;Boka&#8221; button_alignment=&#8221;center&#8221; _builder_version=&#8221;3.19.7&#8243;]<br \/>\n[\/et_pb_button][\/et_pb_column][et_pb_column type=&#8221;1_2&#8243; _builder_version=&#8221;3.0.47&#8243; parallax=&#8221;off&#8221; parallax_method=&#8221;on&#8221;][et_pb_text admin_label=&#8221;Thai Fotmassage&#8221; _builder_version=&#8221;3.19.7&#8243;]<\/p>\n<h4 style=\"text-align: center\"><b>Thai Fotmassage<\/b><\/h4>\n<p>[\/et_pb_text][et_pb_image src=&#8221;https:\/\/goldenlifebs.se\/kungshamn\/wp-content\/uploads\/sites\/3\/2019\/07\/Fotmassage.jpg&#8221; _builder_version=&#8221;3.19.7&#8243;]<br \/>\n[\/et_pb_image][et_pb_button button_url=&#8221;https:\/\/goldenlifebs.se\/kungshamn\/produkt\/fotmassage\/&#8221; button_text=&#8221;Boka&#8221; button_alignment=&#8221;center&#8221; _builder_version=&#8221;3.19.7&#8243;]<br \/>\n[\/et_pb_button][\/et_pb_column][\/et_pb_row][et_pb_row _builder_version=&#8221;3.0.48&#8243; background_size=&#8221;initial&#8221; background_position=&#8221;top_left&#8221; background_repeat=&#8221;repeat&#8221;][et_pb_column type=&#8221;1_2&#8243; _builder_version=&#8221;3.0.47&#8243; parallax=&#8221;off&#8221; parallax_method=&#8221;on&#8221;][et_pb_text admin_label=&#8221;Thaimassage&#8221; _builder_version=&#8221;3.19.7&#8243;]<\/p>\n<h4 style=\"text-align: center\"><strong>Aroma Massage<\/strong><\/h4>\n<p>[\/et_pb_text][et_pb_image src=&#8221;https:\/\/goldenlifebs.se\/kungshamn\/wp-content\/uploads\/sites\/3\/2021\/02\/Aroma-Massage.jpg&#8221; _builder_version=&#8221;3.19.7&#8243;]<br \/>\n[\/et_pb_image][et_pb_button button_url=&#8221;https:\/\/goldenlifebs.se\/kungshamn\/produkt\/aroma\/&#8221; button_text=&#8221;Boka&#8221; button_alignment=&#8221;center&#8221; _builder_version=&#8221;3.19.7&#8243;]<br \/>\n[\/et_pb_button][\/et_pb_column][et_pb_column type=&#8221;1_2&#8243; _builder_version=&#8221;3.0.47&#8243; parallax=&#8221;off&#8221; parallax_method=&#8221;on&#8221;][et_pb_text admin_label=&#8221;Thai Fotmassage&#8221; _builder_version=&#8221;3.19.7&#8243;]<\/p>\n<h4 style=\"text-align: center\"><strong>Oljemassage<\/strong><\/h4>\n<p>[\/et_pb_text][et_pb_image src=&#8221;https:\/\/goldenlifebs.se\/kungshamn\/wp-content\/uploads\/sites\/3\/2021\/02\/Oljemassage.jpg&#8221; _builder_version=&#8221;3.19.7&#8243;]<br \/>\n[\/et_pb_image][et_pb_button button_url=&#8221;https:\/\/goldenlifebs.se\/kungshamn\/produkt\/oljemassage\/&#8221; button_text=&#8221;Boka&#8221; button_alignment=&#8221;center&#8221; _builder_version=&#8221;3.19.7&#8243;]<br \/>\n[\/et_pb_button][\/et_pb_column][\/et_pb_row][et_pb_row _builder_version=&#8221;3.0.48&#8243; background_size=&#8221;initial&#8221; background_position=&#8221;top_left&#8221; background_repeat=&#8221;repeat&#8221;][et_pb_column type=&#8221;1_2&#8243; _builder_version=&#8221;3.0.47&#8243; parallax=&#8221;off&#8221; parallax_method=&#8221;on&#8221;][et_pb_text admin_label=&#8221;Thaimassage&#8221; _builder_version=&#8221;3.19.7&#8243;]<\/p>\n<h4 style=\"text-align: center\"><strong>Gravid massage<\/strong><\/h4>\n<p>[\/et_pb_text][et_pb_image src=&#8221;https:\/\/goldenlifebs.se\/kungshamn\/wp-content\/uploads\/sites\/3\/2021\/04\/Gravid-massage.jpg&#8221; _builder_version=&#8221;3.19.7&#8243;]<br \/>\n[\/et_pb_image][et_pb_button button_url=&#8221;https:\/\/goldenlifebs.se\/kungshamn\/produkt\/gravid-massage\/&#8221; button_text=&#8221;Boka&#8221; button_alignment=&#8221;center&#8221; _builder_version=&#8221;3.19.7&#8243;]<br \/>\n[\/et_pb_button][\/et_pb_column][et_pb_column type=&#8221;1_2&#8243; _builder_version=&#8221;3.0.47&#8243; parallax=&#8221;off&#8221; parallax_method=&#8221;on&#8221;][et_pb_text admin_label=&#8221;Thai Fotmassage&#8221; _builder_version=&#8221;3.19.7&#8243;]<\/p>\n<h4 style=\"text-align: center\"><strong>Varm Aroma massage<\/strong><\/h4>\n<p>[\/et_pb_text][et_pb_image src=&#8221;https:\/\/goldenlifebs.se\/kungshamn\/wp-content\/uploads\/sites\/3\/2021\/04\/Varm-Aroma-massage.jpg&#8221; _builder_version=&#8221;3.19.7&#8243;]<br \/>\n[\/et_pb_image][et_pb_button button_url=&#8221;https:\/\/goldenlifebs.se\/kungshamn\/produkt\/varm-aroma-massage\/&#8221; button_text=&#8221;Boka&#8221; button_alignment=&#8221;center&#8221; _builder_version=&#8221;3.19.7&#8243;]<br \/>\n[\/et_pb_button][\/et_pb_column][\/et_pb_row][\/et_pb_section]<\/p>\n","protected":false},"excerpt":{"rendered":"<p>[et_pb_section fb_built=&#8221;1&#8243; _builder_version=&#8221;3.0.47&#8243;][et_pb_row _builder_version=&#8221;3.19.7&#8243; background_color=&#8221;#e0b455&#8243;][et_pb_column type=&#8221;4_4&#8243; _builder_version=&#8221;3.0.47&#8243; parallax=&#8221;off&#8221; parallax_method=&#8221;on&#8221;][et_pb_text _builder_version=&#8221;3.19.7&#8243;] Vid bokning g\u00e5 in p\u00e5 BokaDirekt.se eller klicka h\u00e4r [\/et_pb_text][\/et_pb_column][\/et_pb_row][et_pb_row _builder_version=&#8221;3.0.48&#8243; background_size=&#8221;initial&#8221; background_position=&#8221;top_left&#8221; background_repeat=&#8221;repeat&#8221;][et_pb_column type=&#8221;1_2&#8243; _builder_version=&#8221;3.0.47&#8243; parallax=&#8221;off&#8221; parallax_method=&#8221;on&#8221;][et_pb_text admin_label=&#8221;Thaimassage&#8221; _builder_version=&#8221;3.19.7&#8243;] Thaimassage [\/et_pb_text][et_pb_image src=&#8221;https:\/\/goldenlifebs.se\/kungshamn\/wp-content\/uploads\/sites\/3\/2019\/06\/Thai-Massage.jpg&#8221; _builder_version=&#8221;3.19.7&#8243;] [\/et_pb_image][et_pb_button button_url=&#8221;https:\/\/goldenlifebs.se\/kungshamn\/produkt\/thaimassage\/&#8221; button_text=&#8221;Boka&#8221; button_alignment=&#8221;center&#8221; _builder_version=&#8221;3.19.7&#8243;] [\/et_pb_button][\/et_pb_column][et_pb_column type=&#8221;1_2&#8243; _builder_version=&#8221;3.0.47&#8243; parallax=&#8221;off&#8221; parallax_method=&#8221;on&#8221;][et_pb_text admin_label=&#8221;Thai Fotmassage&#8221; _builder_version=&#8221;3.19.7&#8243;] Thai Fotmassage [\/et_pb_text][et_pb_image src=&#8221;https:\/\/goldenlifebs.se\/kungshamn\/wp-content\/uploads\/sites\/3\/2019\/07\/Fotmassage.jpg&#8221; _builder_version=&#8221;3.19.7&#8243;] [\/et_pb_image][et_pb_button button_url=&#8221;https:\/\/goldenlifebs.se\/kungshamn\/produkt\/fotmassage\/&#8221; button_text=&#8221;Boka&#8221; [&hellip;]<\/p>\n","protected":false},"author":1,"featured_media":0,"parent":0,"menu_order":0,"comment_status":"closed","ping_status":"closed","template":"","meta":{"_et_pb_use_builder":"on","_et_pb_old_content":""},"_links":{"self":[{"href":"https:\/\/goldenlifebs.se\/kungshamn\/wp-json\/wp\/v2\/pages\/37"}],"collection":[{"href":"https:\/\/goldenlifebs.se\/kungshamn\/wp-json\/wp\/v2\/pages"}],"about":[{"href":"https:\/\/goldenlifebs.se\/kungshamn\/wp-json\/wp\/v2\/types\/page"}],"author":[{"embeddable":true,"href":"https:\/\/goldenlifebs.se\/kungshamn\/wp-json\/wp\/v2\/users\/1"}],"replies":[{"embeddable":true,"href":"https:\/\/goldenlifebs.se\/kungshamn\/wp-json\/wp\/v2\/comments?post=37"}],"version-history":[{"count":34,"href":"https:\/\/goldenlifebs.se\/kungshamn\/wp-json\/wp\/v2\/pages\/37\/revisions"}],"predecessor-version":[{"id":3174,"href":"https:\/\/goldenlifebs.se\/kungshamn\/wp-json\/wp\/v2\/pages\/37\/revisions\/3174"}],"wp:attachment":[{"href":"https:\/\/goldenlifebs.se\/kungshamn\/wp-json\/wp\/v2\/media?parent=37"}],"curies":[{"name":"wp","href":"https:\/\/api.w.org\/{rel}","templated":true}]}}