{"id":525,"date":"2019-07-12T13:35:31","date_gmt":"2019-07-12T13:35:31","guid":{"rendered":"https:\/\/www.banthaimassage.se\/?post_type=product&#038;p=525"},"modified":"2024-02-02T13:26:58","modified_gmt":"2024-02-02T11:26:58","slug":"fotmassage","status":"publish","type":"product","link":"https:\/\/goldenlifebs.se\/halmstad\/produkt\/fotmassage\/","title":{"rendered":"Fotmassage"},"content":{"rendered":"","protected":false},"excerpt":{"rendered":"<p>Fotmassage s\u00e4tter ig\u00e5ng blodcirkulationen och l\u00f6ser upp sp\u00e4nningar i kroppen. Foten \u00e4r den kroppsdel som ligger l\u00e4ngst bort fr\u00e5n hj\u00e4rtat och har d\u00e4refter ocks\u00e5 s\u00e4mre cirkulation. Unders\u00f6kningar har visat att fotmassage s\u00e4nker hj\u00e4rtfrekvensen och stressniv\u00e5n.<\/p>\n","protected":false},"featured_media":1228,"template":"","meta":{"_et_pb_use_builder":"","_et_pb_old_content":""},"_links":{"self":[{"href":"https:\/\/goldenlifebs.se\/halmstad\/wp-json\/wp\/v2\/product\/525"}],"collection":[{"href":"https:\/\/goldenlifebs.se\/halmstad\/wp-json\/wp\/v2\/product"}],"about":[{"href":"https:\/\/goldenlifebs.se\/halmstad\/wp-json\/wp\/v2\/types\/product"}],"wp:featuredmedia":[{"embeddable":true,"href":"https:\/\/goldenlifebs.se\/halmstad\/wp-json\/wp\/v2\/media\/1228"}],"wp:attachment":[{"href":"https:\/\/goldenlifebs.se\/halmstad\/wp-json\/wp\/v2\/media?parent=525"}],"curies":[{"name":"wp","href":"https:\/\/api.w.org\/{rel}","templated":true}]}}