{"id":496,"date":"2019-06-18T09:42:01","date_gmt":"2019-06-18T09:42:01","guid":{"rendered":"https:\/\/www.banthaimassage.se\/?post_type=product&#038;p=496"},"modified":"2024-02-02T13:27:24","modified_gmt":"2024-02-02T11:27:24","slug":"thaimassage","status":"publish","type":"product","link":"https:\/\/goldenlifebs.se\/halmstad\/produkt\/thaimassage\/","title":{"rendered":"Thail\u00e4ndsk Massage"},"content":{"rendered":"<p>Golden Life Beauty Salong Massage erbjuder f\u00f6rstaklassig Thaimassage som \u00e4r en 2500 \u00e5r gammal behandlingsform fr\u00e5n Asien. Den g\u00e5r ut p\u00e5 att ta tillvara kroppens energilinjer och str\u00e4cka ut musklerna s\u00e5 att kroppens egna endorfinfl\u00f6de skapar en balans.\u00a0Thaimassagen bidrar till att l\u00f6sa kroppens blockeringar vilket l\u00f6sg\u00f6r sm\u00e4rtor och v\u00e4rk.\u00a0Processen \u00e4r mycket noggrann och exakt och\u00a0passar alla fr\u00e5n yngre till \u00e4ldre. En klassisk komplett thaimassage inkorporerar en kombination av akupressur och yoga-liknande stretchning.<\/p>\n","protected":false},"excerpt":{"rendered":"<p>Golden Life Beauty Salong Massage erbjuder f\u00f6rstaklassig Thaimassage som \u00e4r en 2500 \u00e5r gammal behandlingsform fr\u00e5n Asien. Den g\u00e5r ut p\u00e5 att ta tillvara kroppens energilinjer och str\u00e4cka ut musklerna s\u00e5 att kroppens egna endorfinfl\u00f6de skapar en balans.\u00a0Thaimassagen bidrar till att l\u00f6sa kroppens blockeringar vilket l\u00f6sg\u00f6r sm\u00e4rtor och v\u00e4rk.\u00a0Processen \u00e4r mycket noggrann och exakt och\u00a0passar alla fr\u00e5n yngre till \u00e4ldre. En klassisk komplett thaimassage inkorporerar en kombination av akupressur och yoga-liknande stretchning.<\/p>\n","protected":false},"featured_media":1227,"template":"","meta":{"_et_pb_use_builder":"","_et_pb_old_content":""},"_links":{"self":[{"href":"https:\/\/goldenlifebs.se\/halmstad\/wp-json\/wp\/v2\/product\/496"}],"collection":[{"href":"https:\/\/goldenlifebs.se\/halmstad\/wp-json\/wp\/v2\/product"}],"about":[{"href":"https:\/\/goldenlifebs.se\/halmstad\/wp-json\/wp\/v2\/types\/product"}],"wp:featuredmedia":[{"embeddable":true,"href":"https:\/\/goldenlifebs.se\/halmstad\/wp-json\/wp\/v2\/media\/1227"}],"wp:attachment":[{"href":"https:\/\/goldenlifebs.se\/halmstad\/wp-json\/wp\/v2\/media?parent=496"}],"curies":[{"name":"wp","href":"https:\/\/api.w.org\/{rel}","templated":true}]}}