{"id":1263,"date":"2021-04-27T16:18:11","date_gmt":"2021-04-27T14:18:11","guid":{"rendered":"https:\/\/goldenlifebs.se\/halmstad\/?post_type=product&#038;p=1263"},"modified":"2024-02-02T13:26:15","modified_gmt":"2024-02-02T11:26:15","slug":"varm-aroma-massage","status":"publish","type":"product","link":"https:\/\/goldenlifebs.se\/halmstad\/produkt\/varm-aroma-massage\/","title":{"rendered":"Varm Aroma massage"},"content":{"rendered":"","protected":false},"excerpt":{"rendered":"<div>Aromamassage \u00e4r en avslappnande och mjuk klassisk massage blandat med aromaterapi. Under massagen anv\u00e4nds eteriska oljor b\u00e5de till huden men \u00e4ven f\u00f6r doftsinnet. De eteriska oljorna har flera positiva egenskaper och beroende p\u00e5 vad just din kropp och ditt sinne beh\u00f6ver. Eteriska oljor framst\u00e4lls fr\u00e5n v\u00e4xter, b\u00e5de blommor, skal, blad, n\u00f6tter, barr, r\u00f6tter anv\u00e4nds och man f\u00e5r ut den eteriska oljan via destillering eller ibland pressning. Varm Aroma Massage fr\u00e5n Golden Life Beauty Salong betyder att vi v\u00e4rmer upp dina kropp och dina muskler med v\u00e4rme filtar samt att vi v\u00e4rmer upp oljan innan behandling, vilket skapar en \u00e4nnu mer avslappnad behandling \u00e4n v\u00e5r ordinarie Aroma massage utan v\u00e4rme. Massage \u00e4r ocks\u00e5 en taktil behandlingsform och ber\u00f6ring i sig har en bevisad h\u00e4lsofr\u00e4mjande-effekt.<\/div>\n","protected":false},"featured_media":1264,"template":"","meta":{"_et_pb_use_builder":"","_et_pb_old_content":""},"_links":{"self":[{"href":"https:\/\/goldenlifebs.se\/halmstad\/wp-json\/wp\/v2\/product\/1263"}],"collection":[{"href":"https:\/\/goldenlifebs.se\/halmstad\/wp-json\/wp\/v2\/product"}],"about":[{"href":"https:\/\/goldenlifebs.se\/halmstad\/wp-json\/wp\/v2\/types\/product"}],"wp:featuredmedia":[{"embeddable":true,"href":"https:\/\/goldenlifebs.se\/halmstad\/wp-json\/wp\/v2\/media\/1264"}],"wp:attachment":[{"href":"https:\/\/goldenlifebs.se\/halmstad\/wp-json\/wp\/v2\/media?parent=1263"}],"curies":[{"name":"wp","href":"https:\/\/api.w.org\/{rel}","templated":true}]}}