{"id":1158,"date":"2021-02-07T17:07:45","date_gmt":"2021-02-07T17:07:45","guid":{"rendered":"https:\/\/goldenlifebs.se\/halmstad\/?post_type=product&#038;p=1158"},"modified":"2024-02-09T18:48:25","modified_gmt":"2024-02-09T16:48:25","slug":"oljemassage","status":"publish","type":"product","link":"https:\/\/goldenlifebs.se\/halmstad\/produkt\/oljemassage\/","title":{"rendered":"Oljemassage"},"content":{"rendered":"","protected":false},"excerpt":{"rendered":"<p>Golden Life Beauty Salong oljemassage ger positiva effekter p\u00e5 hela kroppen och sinnet. Den hj\u00e4lper mot stress, huvudv\u00e4rk, reumatisk v\u00e4rk, muskelsp\u00e4nningar och \u00e4ven d\u00e5lig s\u00f6mn. Att oljemassagen har s\u00e5dana positiva effekt beror p\u00e5 att vi under v\u00e5r massage frig\u00f6r ett hormon i kroppen, som heter <em>Oxytocin<\/em>, som i sin tur \u00f6kar v\u00e4lbefinnandet b\u00e5de fysiskt och psykiskt. Man brukar kalla <em>Oxytocinet<\/em> f\u00f6r &#8221;lugn och ro&#8221; hormonet. V\u00e4lkommen att prova den du ocks\u00e5 eller ge bort den till n\u00e5gon du tycker om.<\/p>\n","protected":false},"featured_media":1230,"template":"","meta":{"_et_pb_use_builder":"","_et_pb_old_content":""},"_links":{"self":[{"href":"https:\/\/goldenlifebs.se\/halmstad\/wp-json\/wp\/v2\/product\/1158"}],"collection":[{"href":"https:\/\/goldenlifebs.se\/halmstad\/wp-json\/wp\/v2\/product"}],"about":[{"href":"https:\/\/goldenlifebs.se\/halmstad\/wp-json\/wp\/v2\/types\/product"}],"wp:featuredmedia":[{"embeddable":true,"href":"https:\/\/goldenlifebs.se\/halmstad\/wp-json\/wp\/v2\/media\/1230"}],"wp:attachment":[{"href":"https:\/\/goldenlifebs.se\/halmstad\/wp-json\/wp\/v2\/media?parent=1158"}],"curies":[{"name":"wp","href":"https:\/\/api.w.org\/{rel}","templated":true}]}}