{"id":1157,"date":"2021-02-07T17:06:09","date_gmt":"2021-02-07T17:06:09","guid":{"rendered":"https:\/\/goldenlifebs.se\/halmstad\/?post_type=product&#038;p=1157"},"modified":"2024-02-02T13:26:45","modified_gmt":"2024-02-02T11:26:45","slug":"aroma","status":"publish","type":"product","link":"https:\/\/goldenlifebs.se\/halmstad\/produkt\/aroma\/","title":{"rendered":"Aroma Massage"},"content":{"rendered":"","protected":false},"excerpt":{"rendered":"<p>Aromamassage \u00e4r en avslappnande och mjuk klassisk massage blandat med aromaterapi. Under massagen anv\u00e4nds eteriska oljor b\u00e5de till huden men \u00e4ven f\u00f6r doftsinnet. De eteriska oljorna har flera positiva egenskaper och beroende p\u00e5 vad just din kropp och ditt sinne beh\u00f6ver. Eteriska oljor framst\u00e4lls fr\u00e5n v\u00e4xter, b\u00e5de blommor, skal, blad, n\u00f6tter, barr, r\u00f6tter anv\u00e4nds och man f\u00e5r ut den eteriska oljan via destillering eller ibland pressning.<\/p>\n","protected":false},"featured_media":1229,"template":"","meta":{"_et_pb_use_builder":"","_et_pb_old_content":""},"_links":{"self":[{"href":"https:\/\/goldenlifebs.se\/halmstad\/wp-json\/wp\/v2\/product\/1157"}],"collection":[{"href":"https:\/\/goldenlifebs.se\/halmstad\/wp-json\/wp\/v2\/product"}],"about":[{"href":"https:\/\/goldenlifebs.se\/halmstad\/wp-json\/wp\/v2\/types\/product"}],"wp:featuredmedia":[{"embeddable":true,"href":"https:\/\/goldenlifebs.se\/halmstad\/wp-json\/wp\/v2\/media\/1229"}],"wp:attachment":[{"href":"https:\/\/goldenlifebs.se\/halmstad\/wp-json\/wp\/v2\/media?parent=1157"}],"curies":[{"name":"wp","href":"https:\/\/api.w.org\/{rel}","templated":true}]}}