{"id":285,"date":"2019-06-12T10:07:43","date_gmt":"2019-06-12T10:07:43","guid":{"rendered":"https:\/\/www.banthaimassage.se\/?page_id=285"},"modified":"2024-06-29T19:13:03","modified_gmt":"2024-06-29T17:13:03","slug":"om-oss","status":"publish","type":"page","link":"https:\/\/goldenlifebs.se\/halmstad\/om-oss\/","title":{"rendered":"Om oss"},"content":{"rendered":"<p>[et_pb_section bb_built=&#8221;1&#8243; fullwidth=&#8221;on&#8221; specialty=&#8221;off&#8221; _builder_version=&#8221;3.19.7&#8243; background_image=&#8221;https:\/\/goldenlifebs.se\/halmstad\/wp-content\/uploads\/sites\/2\/2019\/06\/137076-OSD40X-34.jpg&#8221; next_background_color=&#8221;#ffffff&#8221;][et_pb_fullwidth_image _builder_version=&#8221;3.19.7&#8243; src=&#8221;https:\/\/goldenlifebs.se\/halmstad\/wp-content\/uploads\/sites\/2\/2024\/04\/thumbnail_IMG_2857-e1714402434609.jpg&#8221; \/][\/et_pb_section][et_pb_section bb_built=&#8221;1&#8243; prev_background_color=&#8221;#000000&#8243; _builder_version=&#8221;3.19.7&#8243;][et_pb_row][et_pb_column type=&#8221;4_4&#8243;][et_pb_text _builder_version=&#8221;3.19.7&#8243; text_font=&#8221;Aguafina Script||||||||&#8221; header_font=&#8221;Karma|700|||||||&#8221; header_text_align=&#8221;center&#8221; header_text_color=&#8221;#f72e64&#8243; text_text_color=&#8221;#f4b53f&#8221; \/][et_pb_text _builder_version=&#8221;3.19.7&#8243; text_font_size=&#8221;16px&#8221;]<\/p>\n<p style=\"text-align: center\"><strong>Golden Life Beauty Salong Massage<\/strong>\u00a0har \u00f6ver 10 \u00e5rs erfarenhet av Thai massage. Vi som Driver Golden Life Beauty Salong g\u00f6r det med stor passion f\u00f6r dig som kund.\u00a0Vi \u00e4r utbildade enligt den traditionella Thail\u00e4ndska skolan.\u00a0Thaimassage som \u00e4r en 2500 \u00e5r gammal behandlingsform fr\u00e5n Asien. Den g\u00e5r ut p\u00e5 att ta tillvara kroppens energilinjer och str\u00e4cka ut musklerna s\u00e5 att kroppens egna endorfinfl\u00f6de skapar en balans.\u00a0Thaimassagen bidrar till att l\u00f6sa kroppens blockeringar vilket l\u00f6sg\u00f6r sm\u00e4rtor och v\u00e4rk.\u00a0Processen \u00e4r mycket noggrann och exakt och\u00a0passar alla fr\u00e5n yngre till \u00e4ldre.<\/p>\n<p style=\"text-align: center\">F\u00f6rutom massage erbjuder vi ansiktsbehandlingar och h\u00e5rborttagning.<\/p>\n<p>[\/et_pb_text][et_pb_button _builder_version=&#8221;3.19.7&#8243; button_text=&#8221;BOKA TID H\u00c4R&#8221; button_url=&#8221;https:\/\/www.bokadirekt.se\/places\/golden-life-58065&#8243; button_alignment=&#8221;center&#8221; url_new_window=&#8221;on&#8221; background_layout=&#8221;dark&#8221; custom_button=&#8221;on&#8221; button_text_color=&#8221;#ffffff&#8221; button_bg_color=&#8221;#f4b53f&#8221; \/][et_pb_text _builder_version=&#8221;3.19.7&#8243;]<\/p>\n<h4 style=\"text-align: center\"><b>V\u00e5ra behandlare:<\/b><\/h4>\n<p>[\/et_pb_text][\/et_pb_column][\/et_pb_row][et_pb_row][et_pb_column type=&#8221;1_2&#8243;][et_pb_image _builder_version=&#8221;3.19.7&#8243; src=&#8221;https:\/\/goldenlifebs.se\/halmstad\/wp-content\/uploads\/sites\/2\/2024\/04\/thumbnail_C6402933-1328-4F37-BE1E-E935C0541C22-e1713437479116.jpg&#8221; align=&#8221;center&#8221; \/][et_pb_text _builder_version=&#8221;3.19.7&#8243;]<\/p>\n<h3 style=\"text-align: center\">Nathaly<\/h3>\n<p style=\"text-align: center\">L\u00e5ng erfarenhet av massage. Utbildning av medisinsk laser, h\u00e5rborttagning med laser samt ansiktsbehandling.<\/p>\n<p>[\/et_pb_text][\/et_pb_column][et_pb_column type=&#8221;1_2&#8243;][et_pb_image _builder_version=&#8221;3.19.7&#8243; src=&#8221;https:\/\/goldenlifebs.se\/halmstad\/wp-content\/uploads\/sites\/2\/2024\/04\/thumbnail_IMG_2865-e1713437674732.jpg&#8221; align=&#8221;center&#8221; \/][et_pb_text _builder_version=&#8221;3.19.7&#8243;]<\/p>\n<h3 style=\"text-align: center\">F\u00f6nn<\/h3>\n<p style=\"text-align: center\">Undersk\u00f6terska. Utbildning i medisinsk laser, h\u00e5rborttagning med laser samt ansiktsbehandlingar.<\/p>\n<p>[\/et_pb_text][\/et_pb_column][\/et_pb_row][\/et_pb_section]<\/p>\n","protected":false},"excerpt":{"rendered":"<p>[et_pb_section bb_built=&#8221;1&#8243; fullwidth=&#8221;on&#8221; specialty=&#8221;off&#8221; _builder_version=&#8221;3.19.7&#8243; background_image=&#8221;https:\/\/goldenlifebs.se\/halmstad\/wp-content\/uploads\/sites\/2\/2019\/06\/137076-OSD40X-34.jpg&#8221; next_background_color=&#8221;#ffffff&#8221;][et_pb_fullwidth_image _builder_version=&#8221;3.19.7&#8243; src=&#8221;https:\/\/goldenlifebs.se\/halmstad\/wp-content\/uploads\/sites\/2\/2024\/04\/thumbnail_IMG_2857-e1714402434609.jpg&#8221; \/][\/et_pb_section][et_pb_section bb_built=&#8221;1&#8243; prev_background_color=&#8221;#000000&#8243; _builder_version=&#8221;3.19.7&#8243;][et_pb_row][et_pb_column type=&#8221;4_4&#8243;][et_pb_text _builder_version=&#8221;3.19.7&#8243; text_font=&#8221;Aguafina Script||||||||&#8221; header_font=&#8221;Karma|700|||||||&#8221; header_text_align=&#8221;center&#8221; header_text_color=&#8221;#f72e64&#8243; text_text_color=&#8221;#f4b53f&#8221; \/][et_pb_text _builder_version=&#8221;3.19.7&#8243; text_font_size=&#8221;16px&#8221;] Golden Life Beauty Salong Massage\u00a0har \u00f6ver 10 \u00e5rs erfarenhet av Thai massage. Vi som Driver Golden Life Beauty Salong g\u00f6r det med stor passion f\u00f6r dig som kund.\u00a0Vi \u00e4r utbildade enligt [&hellip;]<\/p>\n","protected":false},"author":3,"featured_media":0,"parent":0,"menu_order":0,"comment_status":"closed","ping_status":"closed","template":"","meta":{"_et_pb_use_builder":"on","_et_pb_old_content":""},"_links":{"self":[{"href":"https:\/\/goldenlifebs.se\/halmstad\/wp-json\/wp\/v2\/pages\/285"}],"collection":[{"href":"https:\/\/goldenlifebs.se\/halmstad\/wp-json\/wp\/v2\/pages"}],"about":[{"href":"https:\/\/goldenlifebs.se\/halmstad\/wp-json\/wp\/v2\/types\/page"}],"author":[{"embeddable":true,"href":"https:\/\/goldenlifebs.se\/halmstad\/wp-json\/wp\/v2\/users\/3"}],"replies":[{"embeddable":true,"href":"https:\/\/goldenlifebs.se\/halmstad\/wp-json\/wp\/v2\/comments?post=285"}],"version-history":[{"count":29,"href":"https:\/\/goldenlifebs.se\/halmstad\/wp-json\/wp\/v2\/pages\/285\/revisions"}],"predecessor-version":[{"id":1584,"href":"https:\/\/goldenlifebs.se\/halmstad\/wp-json\/wp\/v2\/pages\/285\/revisions\/1584"}],"wp:attachment":[{"href":"https:\/\/goldenlifebs.se\/halmstad\/wp-json\/wp\/v2\/media?parent=285"}],"curies":[{"name":"wp","href":"https:\/\/api.w.org\/{rel}","templated":true}]}}